{"id":784,"date":"2023-03-31T16:04:47","date_gmt":"2023-03-31T13:04:47","guid":{"rendered":"https:\/\/milesankara.com.tr\/?post_type=product&#038;p=784"},"modified":"2025-08-18T12:36:46","modified_gmt":"2025-08-18T09:36:46","slug":"lift-yedek-parcalari-9","status":"publish","type":"product","link":"https:\/\/milesankara.com.tr\/index.php\/urun\/lift-yedek-parcalari-9\/","title":{"rendered":"Otomatik Rosh 24v"},"content":{"rendered":"<p>I. Otomatik Rosh 24v<\/p>\n<p>II. L\u0130ft otomati\u011fi<\/p>\n","protected":false},"excerpt":{"rendered":"<p>I. Otomatik Rosh 24v II. L\u0130ft otomati\u011fi<\/p>\n","protected":false},"featured_media":785,"comment_status":"open","ping_status":"closed","template":"","meta":{"om_disable_all_campaigns":false,"_mi_skip_tracking":false,"site-sidebar-layout":"default","site-content-layout":"default","ast-global-header-display":"","ast-main-header-display":"","ast-hfb-above-header-display":"","ast-hfb-below-header-display":"","ast-hfb-mobile-header-display":"","site-post-title":"","ast-breadcrumbs-content":"","ast-featured-img":"","footer-sml-layout":"","theme-transparent-header-meta":"default","adv-header-id-meta":"","stick-header-meta":"","header-above-stick-meta":"","header-main-stick-meta":"","header-below-stick-meta":"","_joinchat":[]},"product_cat":[55,24,30],"product_tag":[],"class_list":["post-784","product","type-product","status-publish","has-post-thumbnail","hentry","product_cat-otomatikler","product_cat-yedek-parca-grubu","product_cat-lift-yedek-parcalari","desktop-align-center","tablet-align-left","mobile-align-left"],"yoast_head":"<!-- This site is optimized with the Yoast SEO plugin v20.4 - https:\/\/yoast.com\/wordpress\/plugins\/seo\/ -->\n<title>Otomatik Rosh 24v | Miles Ankara<\/title>\n<meta name=\"description\" content=\"Lift yedek par\u00e7a grubu \u00fczerine ihtiyac\u0131n\u0131z olan her t\u00fcrl\u00fc yedek pa\u00e7alar\u0131 bizden tedarik edebilirsiniz.\" \/>\n<meta name=\"robots\" content=\"index, follow, max-snippet:-1, max-image-preview:large, max-video-preview:-1\" \/>\n<link rel=\"canonical\" href=\"https:\/\/milesankara.com.tr\/index.php\/urun\/lift-yedek-parcalari-9\/\" \/>\n<meta property=\"og:locale\" content=\"tr_TR\" \/>\n<meta property=\"og:type\" content=\"article\" \/>\n<meta property=\"og:title\" content=\"Otomatik Rosh 24v | Miles Ankara\" \/>\n<meta property=\"og:description\" content=\"Lift yedek par\u00e7a grubu \u00fczerine ihtiyac\u0131n\u0131z olan her t\u00fcrl\u00fc yedek pa\u00e7alar\u0131 bizden tedarik edebilirsiniz.\" \/>\n<meta property=\"og:url\" content=\"https:\/\/milesankara.com.tr\/index.php\/urun\/lift-yedek-parcalari-9\/\" \/>\n<meta property=\"og:site_name\" content=\"Miles Ankara\" \/>\n<meta property=\"article:publisher\" content=\"https:\/\/www.facebook.com\/milesankara\/\" \/>\n<meta property=\"article:modified_time\" content=\"2025-08-18T09:36:46+00:00\" \/>\n<meta property=\"og:image\" content=\"http:\/\/milesankara.com.tr\/wp-content\/uploads\/2023\/03\/Calisma-yuzeyi-7-1.png\" \/>\n\t<meta property=\"og:image:width\" content=\"1687\" \/>\n\t<meta property=\"og:image:height\" content=\"980\" \/>\n\t<meta property=\"og:image:type\" content=\"image\/png\" \/>\n<meta name=\"twitter:card\" content=\"summary_large_image\" \/>\n<meta name=\"twitter:label1\" content=\"Tahmini okuma s\u00fcresi\" \/>\n\t<meta name=\"twitter:data1\" content=\"1 dakika\" \/>\n<script type=\"application\/ld+json\" class=\"yoast-schema-graph\">{\"@context\":\"https:\/\/schema.org\",\"@graph\":[{\"@type\":\"WebPage\",\"@id\":\"https:\/\/milesankara.com.tr\/index.php\/urun\/lift-yedek-parcalari-9\/\",\"url\":\"https:\/\/milesankara.com.tr\/index.php\/urun\/lift-yedek-parcalari-9\/\",\"name\":\"Otomatik Rosh 24v | Miles Ankara\",\"isPartOf\":{\"@id\":\"https:\/\/milesankara.com.tr\/#website\"},\"datePublished\":\"2023-03-31T13:04:47+00:00\",\"dateModified\":\"2025-08-18T09:36:46+00:00\",\"description\":\"Lift yedek par\u00e7a grubu \u00fczerine ihtiyac\u0131n\u0131z olan her t\u00fcrl\u00fc yedek pa\u00e7alar\u0131 bizden tedarik edebilirsiniz.\",\"breadcrumb\":{\"@id\":\"https:\/\/milesankara.com.tr\/index.php\/urun\/lift-yedek-parcalari-9\/#breadcrumb\"},\"inLanguage\":\"tr\",\"potentialAction\":[{\"@type\":\"ReadAction\",\"target\":[\"https:\/\/milesankara.com.tr\/index.php\/urun\/lift-yedek-parcalari-9\/\"]}]},{\"@type\":\"BreadcrumbList\",\"@id\":\"https:\/\/milesankara.com.tr\/index.php\/urun\/lift-yedek-parcalari-9\/#breadcrumb\",\"itemListElement\":[{\"@type\":\"ListItem\",\"position\":1,\"name\":\"Anasayfa\",\"item\":\"https:\/\/milesankara.com.tr\/\"},{\"@type\":\"ListItem\",\"position\":2,\"name\":\"Ma\u011faza\",\"item\":\"https:\/\/milesankara.com.tr\/index.php\/magaza\/\"},{\"@type\":\"ListItem\",\"position\":3,\"name\":\"Otomatik Rosh 24v\"}]},{\"@type\":\"WebSite\",\"@id\":\"https:\/\/milesankara.com.tr\/#website\",\"url\":\"https:\/\/milesankara.com.tr\/\",\"name\":\"Miles Ankara\",\"description\":\"\",\"publisher\":{\"@id\":\"https:\/\/milesankara.com.tr\/#organization\"},\"alternateName\":\"Miles Ankara\",\"potentialAction\":[{\"@type\":\"SearchAction\",\"target\":{\"@type\":\"EntryPoint\",\"urlTemplate\":\"https:\/\/milesankara.com.tr\/?s={search_term_string}\"},\"query-input\":\"required name=search_term_string\"}],\"inLanguage\":\"tr\"},{\"@type\":\"Organization\",\"@id\":\"https:\/\/milesankara.com.tr\/#organization\",\"name\":\"Miles Ankara\",\"alternateName\":\"Miles Ankara\",\"url\":\"https:\/\/milesankara.com.tr\/\",\"logo\":{\"@type\":\"ImageObject\",\"inLanguage\":\"tr\",\"@id\":\"https:\/\/milesankara.com.tr\/#\/schema\/logo\/image\/\",\"url\":\"https:\/\/milesankara.com.tr\/wp-content\/uploads\/2023\/04\/Logo3.bmp\",\"contentUrl\":\"https:\/\/milesankara.com.tr\/wp-content\/uploads\/2023\/04\/Logo3.bmp\",\"width\":145,\"height\":103,\"caption\":\"Miles Ankara\"},\"image\":{\"@id\":\"https:\/\/milesankara.com.tr\/#\/schema\/logo\/image\/\"},\"sameAs\":[\"https:\/\/www.facebook.com\/milesankara\/\",\"https:\/\/www.instagram.com\/milesankara\/\",\"https:\/\/www.youtube.com\/@milesankara2500\"]}]}<\/script>\n<!-- \/ Yoast SEO plugin. -->","yoast_head_json":{"title":"Otomatik Rosh 24v | Miles Ankara","description":"Lift yedek par\u00e7a grubu \u00fczerine ihtiyac\u0131n\u0131z olan her t\u00fcrl\u00fc yedek pa\u00e7alar\u0131 bizden tedarik edebilirsiniz.","robots":{"index":"index","follow":"follow","max-snippet":"max-snippet:-1","max-image-preview":"max-image-preview:large","max-video-preview":"max-video-preview:-1"},"canonical":"https:\/\/milesankara.com.tr\/index.php\/urun\/lift-yedek-parcalari-9\/","og_locale":"tr_TR","og_type":"article","og_title":"Otomatik Rosh 24v | Miles Ankara","og_description":"Lift yedek par\u00e7a grubu \u00fczerine ihtiyac\u0131n\u0131z olan her t\u00fcrl\u00fc yedek pa\u00e7alar\u0131 bizden tedarik edebilirsiniz.","og_url":"https:\/\/milesankara.com.tr\/index.php\/urun\/lift-yedek-parcalari-9\/","og_site_name":"Miles Ankara","article_publisher":"https:\/\/www.facebook.com\/milesankara\/","article_modified_time":"2025-08-18T09:36:46+00:00","og_image":[{"width":1687,"height":980,"url":"http:\/\/milesankara.com.tr\/wp-content\/uploads\/2023\/03\/Calisma-yuzeyi-7-1.png","type":"image\/png"}],"twitter_card":"summary_large_image","twitter_misc":{"Tahmini okuma s\u00fcresi":"1 dakika"},"schema":{"@context":"https:\/\/schema.org","@graph":[{"@type":"WebPage","@id":"https:\/\/milesankara.com.tr\/index.php\/urun\/lift-yedek-parcalari-9\/","url":"https:\/\/milesankara.com.tr\/index.php\/urun\/lift-yedek-parcalari-9\/","name":"Otomatik Rosh 24v | Miles Ankara","isPartOf":{"@id":"https:\/\/milesankara.com.tr\/#website"},"datePublished":"2023-03-31T13:04:47+00:00","dateModified":"2025-08-18T09:36:46+00:00","description":"Lift yedek par\u00e7a grubu \u00fczerine ihtiyac\u0131n\u0131z olan her t\u00fcrl\u00fc yedek pa\u00e7alar\u0131 bizden tedarik edebilirsiniz.","breadcrumb":{"@id":"https:\/\/milesankara.com.tr\/index.php\/urun\/lift-yedek-parcalari-9\/#breadcrumb"},"inLanguage":"tr","potentialAction":[{"@type":"ReadAction","target":["https:\/\/milesankara.com.tr\/index.php\/urun\/lift-yedek-parcalari-9\/"]}]},{"@type":"BreadcrumbList","@id":"https:\/\/milesankara.com.tr\/index.php\/urun\/lift-yedek-parcalari-9\/#breadcrumb","itemListElement":[{"@type":"ListItem","position":1,"name":"Anasayfa","item":"https:\/\/milesankara.com.tr\/"},{"@type":"ListItem","position":2,"name":"Ma\u011faza","item":"https:\/\/milesankara.com.tr\/index.php\/magaza\/"},{"@type":"ListItem","position":3,"name":"Otomatik Rosh 24v"}]},{"@type":"WebSite","@id":"https:\/\/milesankara.com.tr\/#website","url":"https:\/\/milesankara.com.tr\/","name":"Miles Ankara","description":"","publisher":{"@id":"https:\/\/milesankara.com.tr\/#organization"},"alternateName":"Miles Ankara","potentialAction":[{"@type":"SearchAction","target":{"@type":"EntryPoint","urlTemplate":"https:\/\/milesankara.com.tr\/?s={search_term_string}"},"query-input":"required name=search_term_string"}],"inLanguage":"tr"},{"@type":"Organization","@id":"https:\/\/milesankara.com.tr\/#organization","name":"Miles Ankara","alternateName":"Miles Ankara","url":"https:\/\/milesankara.com.tr\/","logo":{"@type":"ImageObject","inLanguage":"tr","@id":"https:\/\/milesankara.com.tr\/#\/schema\/logo\/image\/","url":"https:\/\/milesankara.com.tr\/wp-content\/uploads\/2023\/04\/Logo3.bmp","contentUrl":"https:\/\/milesankara.com.tr\/wp-content\/uploads\/2023\/04\/Logo3.bmp","width":145,"height":103,"caption":"Miles Ankara"},"image":{"@id":"https:\/\/milesankara.com.tr\/#\/schema\/logo\/image\/"},"sameAs":["https:\/\/www.facebook.com\/milesankara\/","https:\/\/www.instagram.com\/milesankara\/","https:\/\/www.youtube.com\/@milesankara2500"]}]}},"_links":{"self":[{"href":"https:\/\/milesankara.com.tr\/index.php\/wp-json\/wp\/v2\/product\/784","targetHints":{"allow":["GET"]}}],"collection":[{"href":"https:\/\/milesankara.com.tr\/index.php\/wp-json\/wp\/v2\/product"}],"about":[{"href":"https:\/\/milesankara.com.tr\/index.php\/wp-json\/wp\/v2\/types\/product"}],"replies":[{"embeddable":true,"href":"https:\/\/milesankara.com.tr\/index.php\/wp-json\/wp\/v2\/comments?post=784"}],"wp:featuredmedia":[{"embeddable":true,"href":"https:\/\/milesankara.com.tr\/index.php\/wp-json\/wp\/v2\/media\/785"}],"wp:attachment":[{"href":"https:\/\/milesankara.com.tr\/index.php\/wp-json\/wp\/v2\/media?parent=784"}],"wp:term":[{"taxonomy":"product_cat","embeddable":true,"href":"https:\/\/milesankara.com.tr\/index.php\/wp-json\/wp\/v2\/product_cat?post=784"},{"taxonomy":"product_tag","embeddable":true,"href":"https:\/\/milesankara.com.tr\/index.php\/wp-json\/wp\/v2\/product_tag?post=784"}],"curies":[{"name":"wp","href":"https:\/\/api.w.org\/{rel}","templated":true}]}}